{"id":90,"date":"2021-01-24T10:42:14","date_gmt":"2021-01-24T08:42:14","guid":{"rendered":"http:\/\/shop.handmade-gifts.ro\/?post_type=product&#038;p=90"},"modified":"2026-03-02T10:26:12","modified_gmt":"2026-03-02T08:26:12","slug":"martisor-carte","status":"publish","type":"product","link":"https:\/\/shop.handmade-gifts.ro\/index.php\/product\/martisor-carte\/","title":{"rendered":"M\u0103r\u021bi\u0219or \u201eCarte\u201d"},"content":{"rendered":"<p>M\u0103r\u021bi\u0219orul este o carte \u00een miniatur\u0103. Are dimensiunile de 3\u00d72 cm.\u00a0 Este potrivit pentru a fi oferit colegilor de clas\u0103 sau chiar pentru doamna \u00eenv\u0103\u021b\u0103toare.<\/p>\n<p>M\u0103r\u021bi\u0219oarele sunt disponibile \u00eentr-o varietate mare de culori.<\/p>\n<p>M\u0103r\u021bi\u0219orul este ambalat \u00een cutie de carton.<\/p>\n<p>*Datorit\u0103 faptului c\u0103 aceste crea\u021bii sunt realizate 100% manual, produsul finit poate avea mici diferen\u021be fa\u021b\u0103 de produsul din fotografie.<\/p>\n","protected":false},"excerpt":{"rendered":"<p>M\u0103r\u021bi\u0219orul este o carte \u00een miniatur\u0103. Are dimensiunile de 3\u00d72 cm.\u00a0 \u00a0Este potrivit pentru a fi oferit colegilor de clas\u0103 sau chiar pentru doamna \u00eenv\u0103\u021b\u0103toare.<\/p>\n<p>M\u0103r\u021bi\u0219oarele sunt disponibile \u00eentr-o varietate mare de culori.<\/p>\n<p>M\u0103r\u021bi\u0219orul este ambalat \u00een cutie de carton.<\/p>\n","protected":false},"featured_media":91,"comment_status":"open","ping_status":"closed","template":"","meta":[],"product_brand":[],"product_cat":[18],"product_tag":[],"class_list":{"0":"post-90","1":"product","2":"type-product","3":"status-publish","4":"has-post-thumbnail","6":"product_cat-martisoare-diverse","8":"first","9":"instock","10":"shipping-taxable","11":"purchasable","12":"product-type-simple"},"jetpack_sharing_enabled":true,"_links":{"self":[{"href":"https:\/\/shop.handmade-gifts.ro\/index.php\/wp-json\/wp\/v2\/product\/90","targetHints":{"allow":["GET"]}}],"collection":[{"href":"https:\/\/shop.handmade-gifts.ro\/index.php\/wp-json\/wp\/v2\/product"}],"about":[{"href":"https:\/\/shop.handmade-gifts.ro\/index.php\/wp-json\/wp\/v2\/types\/product"}],"replies":[{"embeddable":true,"href":"https:\/\/shop.handmade-gifts.ro\/index.php\/wp-json\/wp\/v2\/comments?post=90"}],"wp:featuredmedia":[{"embeddable":true,"href":"https:\/\/shop.handmade-gifts.ro\/index.php\/wp-json\/wp\/v2\/media\/91"}],"wp:attachment":[{"href":"https:\/\/shop.handmade-gifts.ro\/index.php\/wp-json\/wp\/v2\/media?parent=90"}],"wp:term":[{"taxonomy":"product_brand","embeddable":true,"href":"https:\/\/shop.handmade-gifts.ro\/index.php\/wp-json\/wp\/v2\/product_brand?post=90"},{"taxonomy":"product_cat","embeddable":true,"href":"https:\/\/shop.handmade-gifts.ro\/index.php\/wp-json\/wp\/v2\/product_cat?post=90"},{"taxonomy":"product_tag","embeddable":true,"href":"https:\/\/shop.handmade-gifts.ro\/index.php\/wp-json\/wp\/v2\/product_tag?post=90"}],"curies":[{"name":"wp","href":"https:\/\/api.w.org\/{rel}","templated":true}]}}