{"id":87,"date":"2021-01-24T10:41:00","date_gmt":"2021-01-24T08:41:00","guid":{"rendered":"http:\/\/shop.handmade-gifts.ro\/?post_type=product&#038;p=87"},"modified":"2021-01-26T16:05:30","modified_gmt":"2021-01-26T14:05:30","slug":"martisor-origami-rochie","status":"publish","type":"product","link":"https:\/\/shop.handmade-gifts.ro\/index.php\/product\/martisor-origami-rochie\/","title":{"rendered":"M\u0103r\u021bi\u0219or origami \u201dRochie\u201d"},"content":{"rendered":"<p>M\u0103r\u021bi\u0219or este realizat din h\u00e2rtie special\u0103 pentru tehnica origami. Este potrivit pentru a fi oferit colegilor de clas\u0103.<\/p>\n<p>M\u0103r\u021bi\u0219oarele sunt disponibile \u00eentr-o varietate mare de culori.<\/p>\n<p>Dimensiune 4\u00d75 cm.<\/p>\n<p>M\u0103r\u021bi\u0219orul este ambalat \u00een cutie de carton.<\/p>\n<p>*Datorit\u0103 faptului c\u0103 aceste crea\u021bii sunt realizate 100% manual, produsul finit poate avea mici diferen\u021be fa\u021b\u0103 de produsul din fotografie.<\/p>\n","protected":false},"excerpt":{"rendered":"<p>M\u0103r\u021bi\u0219or rochi\u021b\u0103, \u00eemp\u0103turit \u00een tehnica origami, realizat din h\u00e2rtie special\u0103. Este accesorizat cu br\u00e2u din satin.<\/p>\n<p>Fiecare m\u0103r\u021bi\u0219or este ambalat \u00een cutie de carton.<\/p>\n<p>Poate fi oferit ca atare sau poate fi purtat \u00een piept<\/p>\n","protected":false},"featured_media":88,"comment_status":"open","ping_status":"closed","template":"","meta":[],"product_brand":[],"product_cat":[17],"product_tag":[],"class_list":{"0":"post-87","1":"product","2":"type-product","3":"status-publish","4":"has-post-thumbnail","6":"product_cat-martisoare-origami","8":"first","9":"instock","10":"shipping-taxable","11":"purchasable","12":"product-type-simple"},"jetpack_sharing_enabled":true,"_links":{"self":[{"href":"https:\/\/shop.handmade-gifts.ro\/index.php\/wp-json\/wp\/v2\/product\/87","targetHints":{"allow":["GET"]}}],"collection":[{"href":"https:\/\/shop.handmade-gifts.ro\/index.php\/wp-json\/wp\/v2\/product"}],"about":[{"href":"https:\/\/shop.handmade-gifts.ro\/index.php\/wp-json\/wp\/v2\/types\/product"}],"replies":[{"embeddable":true,"href":"https:\/\/shop.handmade-gifts.ro\/index.php\/wp-json\/wp\/v2\/comments?post=87"}],"wp:featuredmedia":[{"embeddable":true,"href":"https:\/\/shop.handmade-gifts.ro\/index.php\/wp-json\/wp\/v2\/media\/88"}],"wp:attachment":[{"href":"https:\/\/shop.handmade-gifts.ro\/index.php\/wp-json\/wp\/v2\/media?parent=87"}],"wp:term":[{"taxonomy":"product_brand","embeddable":true,"href":"https:\/\/shop.handmade-gifts.ro\/index.php\/wp-json\/wp\/v2\/product_brand?post=87"},{"taxonomy":"product_cat","embeddable":true,"href":"https:\/\/shop.handmade-gifts.ro\/index.php\/wp-json\/wp\/v2\/product_cat?post=87"},{"taxonomy":"product_tag","embeddable":true,"href":"https:\/\/shop.handmade-gifts.ro\/index.php\/wp-json\/wp\/v2\/product_tag?post=87"}],"curies":[{"name":"wp","href":"https:\/\/api.w.org\/{rel}","templated":true}]}}