{"id":59,"date":"2021-01-24T10:38:17","date_gmt":"2021-01-24T08:38:17","guid":{"rendered":"http:\/\/shop.handmade-gifts.ro\/?post_type=product&#038;p=59"},"modified":"2026-03-02T10:26:30","modified_gmt":"2026-03-02T08:26:30","slug":"martisor-origami-crin","status":"publish","type":"product","link":"https:\/\/shop.handmade-gifts.ro\/index.php\/product\/martisor-origami-crin\/","title":{"rendered":"M\u0103r\u021bi\u0219or origami \u201dCrin\u201d"},"content":{"rendered":"<p>M\u0103r\u021bi\u0219or crin\u00a0\u00eemp\u0103turit manual din h\u00e2rtie special\u0103 origami \u00een culori vii, acoperit cu un strat de lac pentru protec\u0163ie.<\/p>\n<p>M\u0103r\u021bi\u0219oarele sunt disponibile \u00eentr-o varietate mare de culori.<\/p>\n<p>Dimensiune 5\u00d74 cm.<\/p>\n<p>M\u0103r\u021bi\u0219orul este ambalat \u00een cutie de carton.<\/p>\n<p>*Datorit\u0103 faptului c\u0103 aceste crea\u021bii sunt realizate 100% manual, produsul finit poate avea mici diferen\u021be fa\u021b\u0103 de produsul din fotografie.<\/p>\n","protected":false},"excerpt":{"rendered":"<p>M\u0103r\u021bi\u0219or crin realizat \u00een tehnica origami.<\/p>\n<p>Este \u00eemp\u0103turit din h\u00e2rtie special\u0103.<\/p>\n<p>Fiecare m\u0103r\u021bi\u0219or este ambalat \u00een cutie de carton.<\/p>\n","protected":false},"featured_media":61,"comment_status":"open","ping_status":"closed","template":"","meta":[],"product_brand":[],"product_cat":[17],"product_tag":[],"class_list":{"0":"post-59","1":"product","2":"type-product","3":"status-publish","4":"has-post-thumbnail","6":"product_cat-martisoare-origami","8":"first","9":"instock","10":"shipping-taxable","11":"purchasable","12":"product-type-simple"},"jetpack_sharing_enabled":true,"_links":{"self":[{"href":"https:\/\/shop.handmade-gifts.ro\/index.php\/wp-json\/wp\/v2\/product\/59","targetHints":{"allow":["GET"]}}],"collection":[{"href":"https:\/\/shop.handmade-gifts.ro\/index.php\/wp-json\/wp\/v2\/product"}],"about":[{"href":"https:\/\/shop.handmade-gifts.ro\/index.php\/wp-json\/wp\/v2\/types\/product"}],"replies":[{"embeddable":true,"href":"https:\/\/shop.handmade-gifts.ro\/index.php\/wp-json\/wp\/v2\/comments?post=59"}],"wp:featuredmedia":[{"embeddable":true,"href":"https:\/\/shop.handmade-gifts.ro\/index.php\/wp-json\/wp\/v2\/media\/61"}],"wp:attachment":[{"href":"https:\/\/shop.handmade-gifts.ro\/index.php\/wp-json\/wp\/v2\/media?parent=59"}],"wp:term":[{"taxonomy":"product_brand","embeddable":true,"href":"https:\/\/shop.handmade-gifts.ro\/index.php\/wp-json\/wp\/v2\/product_brand?post=59"},{"taxonomy":"product_cat","embeddable":true,"href":"https:\/\/shop.handmade-gifts.ro\/index.php\/wp-json\/wp\/v2\/product_cat?post=59"},{"taxonomy":"product_tag","embeddable":true,"href":"https:\/\/shop.handmade-gifts.ro\/index.php\/wp-json\/wp\/v2\/product_tag?post=59"}],"curies":[{"name":"wp","href":"https:\/\/api.w.org\/{rel}","templated":true}]}}