{"id":446,"date":"2022-12-02T09:59:38","date_gmt":"2022-12-02T07:59:38","guid":{"rendered":"https:\/\/shop.handmade-gifts.ro\/?post_type=product&#038;p=446"},"modified":"2024-01-14T13:48:07","modified_gmt":"2024-01-14T11:48:07","slug":"decoratiune-bradut","status":"publish","type":"product","link":"https:\/\/shop.handmade-gifts.ro\/index.php\/product\/decoratiune-bradut\/","title":{"rendered":"Decora\u021biune Bradu\u021b"},"content":{"rendered":"<p>Br\u0103du\u021b \u00eembr\u0103cat \u00een catifea, decorat cu \u0219nur auriu sau argintiu \u0219i stelu\u021be. \u00cen\u0103l\u021bimea este de aproximativ 20 de cm. La cerere se poate realiza \u0219i \u00een alt\u0103 combina\u021bie de culori.<\/p>\n<p>Le pute\u021bi utiliza pentru a crea un decor deosebit de Cr\u0103ciun, dar pot fi \u0219i oferite celor dragi cu ocazia s\u0103rb\u0103torilor.<\/p>\n<p>*Produsul se realizeaz\u0103 doar pe comand\u0103, \u00een termen de 5 zile lucr\u0103toare.<\/p>\n<p>Datorit\u0103 faptului c\u0103 aceste crea\u021bii sunt realizate 100% manual, produsul finit poate avea mici diferen\u021be fa\u021b\u0103 de produsul din fotografie.<\/p>\n","protected":false},"excerpt":{"rendered":"<p>Br\u0103du\u021b \u00eembr\u0103cat \u00een catifea, decorat cu \u0219nur auriu sau argintiu \u0219i stelu\u021be. \u00cen\u0103l\u021bimea este de aproximativ 20 de cm. La cerere se poate realiza \u0219i \u00een alt\u0103 combina\u021bie de culori.<\/p>\n","protected":false},"featured_media":448,"comment_status":"open","ping_status":"closed","template":"","meta":[],"product_brand":[],"product_cat":[22],"product_tag":[31],"class_list":{"0":"post-446","1":"product","2":"type-product","3":"status-publish","4":"has-post-thumbnail","6":"product_cat-decoratiuni-craciun","7":"product_tag-craciun","9":"first","10":"instock","11":"shipping-taxable","12":"purchasable","13":"product-type-simple"},"jetpack_sharing_enabled":true,"_links":{"self":[{"href":"https:\/\/shop.handmade-gifts.ro\/index.php\/wp-json\/wp\/v2\/product\/446","targetHints":{"allow":["GET"]}}],"collection":[{"href":"https:\/\/shop.handmade-gifts.ro\/index.php\/wp-json\/wp\/v2\/product"}],"about":[{"href":"https:\/\/shop.handmade-gifts.ro\/index.php\/wp-json\/wp\/v2\/types\/product"}],"replies":[{"embeddable":true,"href":"https:\/\/shop.handmade-gifts.ro\/index.php\/wp-json\/wp\/v2\/comments?post=446"}],"wp:featuredmedia":[{"embeddable":true,"href":"https:\/\/shop.handmade-gifts.ro\/index.php\/wp-json\/wp\/v2\/media\/448"}],"wp:attachment":[{"href":"https:\/\/shop.handmade-gifts.ro\/index.php\/wp-json\/wp\/v2\/media?parent=446"}],"wp:term":[{"taxonomy":"product_brand","embeddable":true,"href":"https:\/\/shop.handmade-gifts.ro\/index.php\/wp-json\/wp\/v2\/product_brand?post=446"},{"taxonomy":"product_cat","embeddable":true,"href":"https:\/\/shop.handmade-gifts.ro\/index.php\/wp-json\/wp\/v2\/product_cat?post=446"},{"taxonomy":"product_tag","embeddable":true,"href":"https:\/\/shop.handmade-gifts.ro\/index.php\/wp-json\/wp\/v2\/product_tag?post=446"}],"curies":[{"name":"wp","href":"https:\/\/api.w.org\/{rel}","templated":true}]}}