{"id":369,"date":"2021-01-29T20:19:53","date_gmt":"2021-01-29T18:19:53","guid":{"rendered":"http:\/\/shop.handmade-gifts.ro\/?post_type=product&#038;p=369"},"modified":"2024-01-14T13:52:08","modified_gmt":"2024-01-14T11:52:08","slug":"martisor-quilling-bufnita","status":"publish","type":"product","link":"https:\/\/shop.handmade-gifts.ro\/index.php\/product\/martisor-quilling-bufnita\/","title":{"rendered":"M\u0103r\u0163i\u015for quilling \u2013 bufni\u021b\u0103"},"content":{"rendered":"<p>M\u0103r\u0163i\u015for lucrat cu drag, \u00een tehnica \u201equilling\u201d cu \u00eent\u0103ritur\u0103 de carton, poate fi oferit ca atare sau purtat \u00een piept.<\/p>\n<p>*Datorit\u0103 faptului c\u0103 aceste crea\u021bii sunt realizate 100% manual, produsul finit poate avea mici diferen\u021be fa\u021b\u0103 de produsul din fotografie.<\/p>\n","protected":false},"excerpt":{"rendered":"<p>M\u0103r\u0163i\u015for lucrat cu drag, \u00een tehnica \u201equilling\u201d cu \u00eent\u0103ritur\u0103 de carton, poate fi oferit ca atare sau purtat \u00een piept.<\/p>\n","protected":false},"featured_media":370,"comment_status":"open","ping_status":"closed","template":"","meta":[],"product_brand":[],"product_cat":[16],"product_tag":[],"class_list":{"0":"post-369","1":"product","2":"type-product","3":"status-publish","4":"has-post-thumbnail","6":"product_cat-martisoare-quilling","8":"first","9":"instock","10":"featured","11":"shipping-taxable","12":"purchasable","13":"product-type-simple"},"jetpack_sharing_enabled":true,"_links":{"self":[{"href":"https:\/\/shop.handmade-gifts.ro\/index.php\/wp-json\/wp\/v2\/product\/369","targetHints":{"allow":["GET"]}}],"collection":[{"href":"https:\/\/shop.handmade-gifts.ro\/index.php\/wp-json\/wp\/v2\/product"}],"about":[{"href":"https:\/\/shop.handmade-gifts.ro\/index.php\/wp-json\/wp\/v2\/types\/product"}],"replies":[{"embeddable":true,"href":"https:\/\/shop.handmade-gifts.ro\/index.php\/wp-json\/wp\/v2\/comments?post=369"}],"wp:featuredmedia":[{"embeddable":true,"href":"https:\/\/shop.handmade-gifts.ro\/index.php\/wp-json\/wp\/v2\/media\/370"}],"wp:attachment":[{"href":"https:\/\/shop.handmade-gifts.ro\/index.php\/wp-json\/wp\/v2\/media?parent=369"}],"wp:term":[{"taxonomy":"product_brand","embeddable":true,"href":"https:\/\/shop.handmade-gifts.ro\/index.php\/wp-json\/wp\/v2\/product_brand?post=369"},{"taxonomy":"product_cat","embeddable":true,"href":"https:\/\/shop.handmade-gifts.ro\/index.php\/wp-json\/wp\/v2\/product_cat?post=369"},{"taxonomy":"product_tag","embeddable":true,"href":"https:\/\/shop.handmade-gifts.ro\/index.php\/wp-json\/wp\/v2\/product_tag?post=369"}],"curies":[{"name":"wp","href":"https:\/\/api.w.org\/{rel}","templated":true}]}}