{"id":367,"date":"2021-01-29T20:18:58","date_gmt":"2021-01-29T18:18:58","guid":{"rendered":"http:\/\/shop.handmade-gifts.ro\/?post_type=product&#038;p=367"},"modified":"2026-03-02T10:23:08","modified_gmt":"2026-03-02T08:23:08","slug":"martisor-quilling-floare-curcubeu","status":"publish","type":"product","link":"https:\/\/shop.handmade-gifts.ro\/index.php\/product\/martisor-quilling-floare-curcubeu\/","title":{"rendered":"M\u0103r\u0163i\u015for quilling \u2013 floare curcubeu"},"content":{"rendered":"<p>M\u0103r\u0163i\u015for lucrat cu drag, \u00een tehnica \u201equilling\u201d cu \u00eent\u0103ritur\u0103 de carton, poate fi oferit ca atare sau purtat \u00een piept.<\/p>\n<p>*Datorit\u0103 faptului c\u0103 aceste crea\u021bii sunt realizate 100% manual, produsul finit poate avea mici diferen\u021be fa\u021b\u0103 de produsul din fotografie.<\/p>\n","protected":false},"excerpt":{"rendered":"<p>M\u0103r\u0163i\u015for lucrat cu drag, \u00een tehnica \u201equilling\u201d cu \u00eent\u0103ritur\u0103 de carton, poate fi oferit ca atare sau purtat \u00een piept.<\/p>\n","protected":false},"featured_media":368,"comment_status":"open","ping_status":"closed","template":"","meta":[],"product_brand":[],"product_cat":[16],"product_tag":[],"class_list":{"0":"post-367","1":"product","2":"type-product","3":"status-publish","4":"has-post-thumbnail","6":"product_cat-martisoare-quilling","8":"first","9":"instock","10":"featured","11":"shipping-taxable","12":"purchasable","13":"product-type-simple"},"jetpack_sharing_enabled":true,"_links":{"self":[{"href":"https:\/\/shop.handmade-gifts.ro\/index.php\/wp-json\/wp\/v2\/product\/367","targetHints":{"allow":["GET"]}}],"collection":[{"href":"https:\/\/shop.handmade-gifts.ro\/index.php\/wp-json\/wp\/v2\/product"}],"about":[{"href":"https:\/\/shop.handmade-gifts.ro\/index.php\/wp-json\/wp\/v2\/types\/product"}],"replies":[{"embeddable":true,"href":"https:\/\/shop.handmade-gifts.ro\/index.php\/wp-json\/wp\/v2\/comments?post=367"}],"wp:featuredmedia":[{"embeddable":true,"href":"https:\/\/shop.handmade-gifts.ro\/index.php\/wp-json\/wp\/v2\/media\/368"}],"wp:attachment":[{"href":"https:\/\/shop.handmade-gifts.ro\/index.php\/wp-json\/wp\/v2\/media?parent=367"}],"wp:term":[{"taxonomy":"product_brand","embeddable":true,"href":"https:\/\/shop.handmade-gifts.ro\/index.php\/wp-json\/wp\/v2\/product_brand?post=367"},{"taxonomy":"product_cat","embeddable":true,"href":"https:\/\/shop.handmade-gifts.ro\/index.php\/wp-json\/wp\/v2\/product_cat?post=367"},{"taxonomy":"product_tag","embeddable":true,"href":"https:\/\/shop.handmade-gifts.ro\/index.php\/wp-json\/wp\/v2\/product_tag?post=367"}],"curies":[{"name":"wp","href":"https:\/\/api.w.org\/{rel}","templated":true}]}}