{"id":226,"date":"2021-01-24T19:52:41","date_gmt":"2021-01-24T17:52:41","guid":{"rendered":"http:\/\/shop.handmade-gifts.ro\/?post_type=product&#038;p=226"},"modified":"2025-04-11T17:41:27","modified_gmt":"2025-04-11T15:41:27","slug":"decoratiune-bradut-cu-glob","status":"publish","type":"product","link":"https:\/\/shop.handmade-gifts.ro\/index.php\/product\/decoratiune-bradut-cu-glob\/","title":{"rendered":"Decoratiune br\u0103du\u021b cu glob"},"content":{"rendered":"<p>Decoratiune br\u0103du\u021b din lemn, decupat manual (traforaj) \u0219i glob \u00eembr\u0103cat \u00een catifea.<\/p>\n<p>Br\u0103du\u021bul este l\u0103cuit pentru o rezisten\u021b\u0103 \u00eendelungat\u0103.<\/p>\n<p>Globul are diametrul de 6 cm \u0219i se poate realiza \u00een orice combina\u021bie de culori dori\u021bi.<\/p>\n<p>*Produsul se realizeaz\u0103 doar pe comand\u0103, \u00een termen de 5 zile lucr\u0103toare.<\/p>\n<p>Datorit\u0103 faptului c\u0103 aceste crea\u021bii sunt realizate 100% manual, produsul finit poate avea mici diferen\u021be fa\u021b\u0103 de produsul din fotografie<\/p>\n","protected":false},"excerpt":{"rendered":"<p>Decoratiune br\u0103du\u021b din lemn, decupat manual (traforaj) \u0219i glob \u00eembr\u0103cat \u00een catifea<\/p>\n","protected":false},"featured_media":227,"comment_status":"open","ping_status":"closed","template":"","meta":[],"product_brand":[],"product_cat":[23],"product_tag":[],"class_list":{"0":"post-226","1":"product","2":"type-product","3":"status-publish","4":"has-post-thumbnail","6":"product_cat-globuri-handmade","8":"first","9":"instock","10":"shipping-taxable","11":"purchasable","12":"product-type-simple"},"jetpack_sharing_enabled":true,"_links":{"self":[{"href":"https:\/\/shop.handmade-gifts.ro\/index.php\/wp-json\/wp\/v2\/product\/226","targetHints":{"allow":["GET"]}}],"collection":[{"href":"https:\/\/shop.handmade-gifts.ro\/index.php\/wp-json\/wp\/v2\/product"}],"about":[{"href":"https:\/\/shop.handmade-gifts.ro\/index.php\/wp-json\/wp\/v2\/types\/product"}],"replies":[{"embeddable":true,"href":"https:\/\/shop.handmade-gifts.ro\/index.php\/wp-json\/wp\/v2\/comments?post=226"}],"wp:featuredmedia":[{"embeddable":true,"href":"https:\/\/shop.handmade-gifts.ro\/index.php\/wp-json\/wp\/v2\/media\/227"}],"wp:attachment":[{"href":"https:\/\/shop.handmade-gifts.ro\/index.php\/wp-json\/wp\/v2\/media?parent=226"}],"wp:term":[{"taxonomy":"product_brand","embeddable":true,"href":"https:\/\/shop.handmade-gifts.ro\/index.php\/wp-json\/wp\/v2\/product_brand?post=226"},{"taxonomy":"product_cat","embeddable":true,"href":"https:\/\/shop.handmade-gifts.ro\/index.php\/wp-json\/wp\/v2\/product_cat?post=226"},{"taxonomy":"product_tag","embeddable":true,"href":"https:\/\/shop.handmade-gifts.ro\/index.php\/wp-json\/wp\/v2\/product_tag?post=226"}],"curies":[{"name":"wp","href":"https:\/\/api.w.org\/{rel}","templated":true}]}}