{"id":198,"date":"2021-01-24T19:41:20","date_gmt":"2021-01-24T17:41:20","guid":{"rendered":"http:\/\/shop.handmade-gifts.ro\/?post_type=product&#038;p=198"},"modified":"2024-02-02T18:44:49","modified_gmt":"2024-02-02T16:44:49","slug":"martisor-floare","status":"publish","type":"product","link":"https:\/\/shop.handmade-gifts.ro\/index.php\/product\/martisor-floare\/","title":{"rendered":"M\u0103r\u021bi\u0219or floare"},"content":{"rendered":"<p>Mar\u021bi\u0219orul este confec\u021bionat din s\u00e2rm\u0103 \u00eendoit\u0103 \u0219i pelicul\u0103 de vopsea.<\/p>\n<p>Floricelele sunt disponibile \u00eentr-o varietate mare de culori.<\/p>\n<p>Dimensiune 5\u00d74 cm.<\/p>\n<p>Fiecare m\u0103r\u021bi\u0219or este ambalat \u00een cutie de carton.<\/p>\n<p>*Datorit\u0103 faptului c\u0103 aceste crea\u021bii sunt realizate 100% manual, produsul finit poate avea mici diferen\u021be fa\u021b\u0103 de produsul din fotografie.<\/p>\n","protected":false},"excerpt":{"rendered":"<p>M\u0103r\u021bi\u0219or confec\u021bionat din s\u00e2rm\u0103 \u00eendoit\u0103 \u0219i pelicul\u0103 de vopsea.<\/p>\n<p>Fiecare m\u0103r\u021bi\u0219or este ambalat \u00een cutie de carton.<\/p>\n","protected":false},"featured_media":202,"comment_status":"open","ping_status":"closed","template":"","meta":[],"product_brand":[],"product_cat":[18],"product_tag":[],"class_list":{"0":"post-198","1":"product","2":"type-product","3":"status-publish","4":"has-post-thumbnail","6":"product_cat-martisoare-diverse","8":"first","9":"outofstock","10":"shipping-taxable","11":"purchasable","12":"product-type-simple"},"jetpack_sharing_enabled":true,"_links":{"self":[{"href":"https:\/\/shop.handmade-gifts.ro\/index.php\/wp-json\/wp\/v2\/product\/198","targetHints":{"allow":["GET"]}}],"collection":[{"href":"https:\/\/shop.handmade-gifts.ro\/index.php\/wp-json\/wp\/v2\/product"}],"about":[{"href":"https:\/\/shop.handmade-gifts.ro\/index.php\/wp-json\/wp\/v2\/types\/product"}],"replies":[{"embeddable":true,"href":"https:\/\/shop.handmade-gifts.ro\/index.php\/wp-json\/wp\/v2\/comments?post=198"}],"wp:featuredmedia":[{"embeddable":true,"href":"https:\/\/shop.handmade-gifts.ro\/index.php\/wp-json\/wp\/v2\/media\/202"}],"wp:attachment":[{"href":"https:\/\/shop.handmade-gifts.ro\/index.php\/wp-json\/wp\/v2\/media?parent=198"}],"wp:term":[{"taxonomy":"product_brand","embeddable":true,"href":"https:\/\/shop.handmade-gifts.ro\/index.php\/wp-json\/wp\/v2\/product_brand?post=198"},{"taxonomy":"product_cat","embeddable":true,"href":"https:\/\/shop.handmade-gifts.ro\/index.php\/wp-json\/wp\/v2\/product_cat?post=198"},{"taxonomy":"product_tag","embeddable":true,"href":"https:\/\/shop.handmade-gifts.ro\/index.php\/wp-json\/wp\/v2\/product_tag?post=198"}],"curies":[{"name":"wp","href":"https:\/\/api.w.org\/{rel}","templated":true}]}}