{"id":181,"date":"2021-01-24T19:28:23","date_gmt":"2021-01-24T17:28:23","guid":{"rendered":"http:\/\/shop.handmade-gifts.ro\/?post_type=product&#038;p=181"},"modified":"2026-03-02T10:25:12","modified_gmt":"2026-03-02T08:25:12","slug":"mini-felicitare-floare-model-2","status":"publish","type":"product","link":"https:\/\/shop.handmade-gifts.ro\/index.php\/product\/mini-felicitare-floare-model-2\/","title":{"rendered":"Mini felicitare floare model 2"},"content":{"rendered":"<p>Felicitare vesel\u0103, cu elemente 3D, lucrat\u0103 cu migal\u0103 \u0219i aten\u021bie.<\/p>\n<p>Florile \u0219i fundalul pot avea diferite culori. Le putem personaliza la cererea dumneavoastr\u0103.<\/p>\n<p>Dimensiune 7,5\u00d710 cm.<\/p>\n<p>Fiecare felicitare este ambalat\u0103 \u00een plic.<\/p>\n<p>*Datorit\u0103 faptului c\u0103 aceste crea\u021bii sunt realizate 100% manual, produsul finit poate avea mici diferen\u021be fa\u021b\u0103 de produsul din fotografie.<\/p>\n","protected":false},"excerpt":{"rendered":"<p>Felicitare vesel\u0103, cu floare \u00een relief<\/p>\n<p>&nbsp;<\/p>\n","protected":false},"featured_media":183,"comment_status":"open","ping_status":"closed","template":"","meta":[],"product_brand":[],"product_cat":[20],"product_tag":[],"class_list":{"0":"post-181","1":"product","2":"type-product","3":"status-publish","4":"has-post-thumbnail","6":"product_cat-mini-felicitari","8":"first","9":"instock","10":"shipping-taxable","11":"purchasable","12":"product-type-simple"},"jetpack_sharing_enabled":true,"_links":{"self":[{"href":"https:\/\/shop.handmade-gifts.ro\/index.php\/wp-json\/wp\/v2\/product\/181","targetHints":{"allow":["GET"]}}],"collection":[{"href":"https:\/\/shop.handmade-gifts.ro\/index.php\/wp-json\/wp\/v2\/product"}],"about":[{"href":"https:\/\/shop.handmade-gifts.ro\/index.php\/wp-json\/wp\/v2\/types\/product"}],"replies":[{"embeddable":true,"href":"https:\/\/shop.handmade-gifts.ro\/index.php\/wp-json\/wp\/v2\/comments?post=181"}],"wp:featuredmedia":[{"embeddable":true,"href":"https:\/\/shop.handmade-gifts.ro\/index.php\/wp-json\/wp\/v2\/media\/183"}],"wp:attachment":[{"href":"https:\/\/shop.handmade-gifts.ro\/index.php\/wp-json\/wp\/v2\/media?parent=181"}],"wp:term":[{"taxonomy":"product_brand","embeddable":true,"href":"https:\/\/shop.handmade-gifts.ro\/index.php\/wp-json\/wp\/v2\/product_brand?post=181"},{"taxonomy":"product_cat","embeddable":true,"href":"https:\/\/shop.handmade-gifts.ro\/index.php\/wp-json\/wp\/v2\/product_cat?post=181"},{"taxonomy":"product_tag","embeddable":true,"href":"https:\/\/shop.handmade-gifts.ro\/index.php\/wp-json\/wp\/v2\/product_tag?post=181"}],"curies":[{"name":"wp","href":"https:\/\/api.w.org\/{rel}","templated":true}]}}