{"id":140,"date":"2021-01-24T19:05:28","date_gmt":"2021-01-24T17:05:28","guid":{"rendered":"http:\/\/shop.handmade-gifts.ro\/?post_type=product&#038;p=140"},"modified":"2025-02-19T09:33:23","modified_gmt":"2025-02-19T07:33:23","slug":"buchet-mixt-origami-flori-de-vara","status":"publish","type":"product","link":"https:\/\/shop.handmade-gifts.ro\/index.php\/product\/buchet-mixt-origami-flori-de-vara\/","title":{"rendered":"Buchet mixt origami \u2013 flori de var\u0103"},"content":{"rendered":"<p>Buchetul este format din 18 flori \u00eemp\u0103turite \u00een tehnica origami, modele diferite: margarete, floarea soarelui, maci\u2026<\/p>\n<p>Este accesorizat cu panglic\u0103 elegant\u0103 din satin.<\/p>\n<p>Se poate realiza \u00een orice combina\u021bie de culori, sau chiar \u00eentr-un num\u0103r diferit de flori.<\/p>\n<p>Fiind din h\u00e2rtie, se recomand\u0103 a fi p\u0103strate \u00een locuri ferite de umezeal\u0103 \u0219i de razele soarelui. P\u0103strate \u00een condi\u021bii optime, vor aduce un strop de culoare \u0219i bucurie pentru o perioad\u0103 \u00eendelungat\u0103 de timp.<\/p>\n<p>*Produsul se realizeaz\u0103 doar pe comand\u0103, \u00een termen de 5 zile lucr\u0103toare.<\/p>\n<p>Datorit\u0103 faptului c\u0103 aceste crea\u021bii sunt realizate 100% manual, produsul finit poate avea mici diferen\u021be fa\u021b\u0103 de produsul din fotografie.<\/p>\n","protected":false},"excerpt":{"rendered":"<p>Buchet de flori din h\u00e2rtie, \u00eemp\u0103turite \u00een tehnica origami.<\/p>\n<p>Sunt buchete colorate, care aduc bucurie celor c\u0103rora le sunt oferite.<\/p>\n<p>Buchetul este format din 18 flori.<\/p>\n","protected":false},"featured_media":143,"comment_status":"open","ping_status":"closed","template":"","meta":[],"product_brand":[],"product_cat":[27],"product_tag":[],"class_list":{"0":"post-140","1":"product","2":"type-product","3":"status-publish","4":"has-post-thumbnail","6":"product_cat-buchete-flori-din-hartie","8":"first","9":"instock","10":"shipping-taxable","11":"purchasable","12":"product-type-simple"},"jetpack_sharing_enabled":true,"_links":{"self":[{"href":"https:\/\/shop.handmade-gifts.ro\/index.php\/wp-json\/wp\/v2\/product\/140","targetHints":{"allow":["GET"]}}],"collection":[{"href":"https:\/\/shop.handmade-gifts.ro\/index.php\/wp-json\/wp\/v2\/product"}],"about":[{"href":"https:\/\/shop.handmade-gifts.ro\/index.php\/wp-json\/wp\/v2\/types\/product"}],"replies":[{"embeddable":true,"href":"https:\/\/shop.handmade-gifts.ro\/index.php\/wp-json\/wp\/v2\/comments?post=140"}],"wp:featuredmedia":[{"embeddable":true,"href":"https:\/\/shop.handmade-gifts.ro\/index.php\/wp-json\/wp\/v2\/media\/143"}],"wp:attachment":[{"href":"https:\/\/shop.handmade-gifts.ro\/index.php\/wp-json\/wp\/v2\/media?parent=140"}],"wp:term":[{"taxonomy":"product_brand","embeddable":true,"href":"https:\/\/shop.handmade-gifts.ro\/index.php\/wp-json\/wp\/v2\/product_brand?post=140"},{"taxonomy":"product_cat","embeddable":true,"href":"https:\/\/shop.handmade-gifts.ro\/index.php\/wp-json\/wp\/v2\/product_cat?post=140"},{"taxonomy":"product_tag","embeddable":true,"href":"https:\/\/shop.handmade-gifts.ro\/index.php\/wp-json\/wp\/v2\/product_tag?post=140"}],"curies":[{"name":"wp","href":"https:\/\/api.w.org\/{rel}","templated":true}]}}